{"id":805,"date":"2020-02-13T12:40:35","date_gmt":"2020-02-13T11:40:35","guid":{"rendered":"https:\/\/www.bernhard-beilner.at\/?page_id=805"},"modified":"2021-09-09T14:09:30","modified_gmt":"2021-09-09T12:09:30","slug":"impressum","status":"publish","type":"page","link":"https:\/\/www.bcc-moments.at\/?page_id=805","title":{"rendered":"Impressum"},"content":{"rendered":"[et_pb_section fb_built=&#8220;1&#8243; _builder_version=&#8220;3.22&#8243; global_colors_info=&#8220;{}&#8220;][et_pb_row _builder_version=&#8220;3.25&#8243; background_size=&#8220;initial&#8220; background_position=&#8220;top_left&#8220; background_repeat=&#8220;repeat&#8220; global_colors_info=&#8220;{}&#8220;][et_pb_column type=&#8220;4_4&#8243; _builder_version=&#8220;3.25&#8243; custom_padding=&#8220;|||&#8220; global_colors_info=&#8220;{}&#8220; custom_padding__hover=&#8220;|||&#8220;][et_pb_text _builder_version=&#8220;3.27.4&#8243; background_size=&#8220;initial&#8220; background_position=&#8220;top_left&#8220; background_repeat=&#8220;repeat&#8220; global_colors_info=&#8220;{}&#8220;]\r\n<p>Name: Bernhard Beilner<br \/>Stra\u00dfe: Lobaustra\u00dfe 27a<br \/>Ort: 2301 Gro\u00df-Enzersdorf<br \/>E-Mail: bernhard.beilner@me.com<\/p>\r\n\r[\/et_pb_text][\/et_pb_column][\/et_pb_row][et_pb_row _builder_version=&#8220;4.10.1&#8243; _module_preset=&#8220;default&#8220; custom_padding=&#8220;16px|||||&#8220; global_colors_info=&#8220;{}&#8220;][et_pb_column type=&#8220;4_4&#8243; _builder_version=&#8220;4.10.1&#8243; _module_preset=&#8220;default&#8220; global_colors_info=&#8220;{}&#8220;][et_pb_text _builder_version=&#8220;4.10.1&#8243; _module_preset=&#8220;default&#8220; global_colors_info=&#8220;{}&#8220;]<p>&nbsp;<\/p>\n<p><strong>Haftungsausschluss<\/strong><\/p>\n<p>Die Inhalte dieser Website werden mit gr\u00f6\u00dftm\u00f6glicher Sorgfalt recherchiert und implementiert. Fehler im Bearbeitungsvorgang sind dennoch nicht auszuschlie\u00dfen. Hinweise und Korrekturen senden Sie bitte an die oben aufgef\u00fchrte Adresse.<\/p>\n<p>Eine Haftung f\u00fcr die Richtigkeit, Vollst\u00e4ndigkeit und Aktualit\u00e4t dieser Webseiten kann trotz sorgf\u00e4ltiger Pr\u00fcfung nicht \u00fcbernommen werden. Bernhard Beilner \u00fcbernimmt insbesondere keinerlei Haftung, f\u00fcr eventuelle Sch\u00e4den oder Konsequenzen, die durch die direkte oder indirekte Nutzung der angebotenen Inhalte entstehen.<\/p>\n<p>Bernhard Beilner ist als Inhaltsanbieter f\u00fcr die eigenen Inhalte, die es zur Nutzung bereith\u00e4lt, nach den allgemeinen Gesetzen verantwortlich. Von diesen eigenen Inhalten sind Querverweise (\u201cexterne Links\u201d) auf die von anderen Anbietern bereitgehaltenen Inhalte zu unterscheiden. Diese fremden Inhalte stammen weder von Bernhard Beilner, noch hat Bernhard Beilner die M\u00f6glichkeit, den Inhalt von Seiten Dritter zu beeinflussen. Die Inhalte fremder Seiten, auf die Bernhard Beilner mittels Links hinweist, spiegeln nicht die Meinung von Bernhard Beilner wieder, sondern dienen lediglich der Information und der Darstellung von Zusammenh\u00e4ngen. Bernhard Beilner haftet nicht f\u00fcr fremde Inhalte, auf die er lediglich im oben genannten Sinne hinweist. Die Verantwortlichkeit liegt alleine bei dem Anbieter der Inhalte.<\/p>\n<p>Falls Sie der Meinung sind, etwas auf dieser Website verletzt Ihre Rechte, kontaktieren Sie mich bitte umgehend. Im Falle von Domainstreitigkeiten oder wettbewerbsrechtlichen oder \u00e4hnlichen Problemen bitte ich Sie, zur Vermeidung unn\u00f6tiger Rechtsstreite und Kosten, mich bereits im Vorfeld zu kontaktieren. Die Kostennote einer anwaltlichen Abmahnung ohne vorhergehende Kontaktaufnahme mit Bernhard Beilner wird im Sinne der Schadensminderungspflicht als unbegr\u00fcndet zur\u00fcckgewiesen.<\/p>\n<p><strong>Urheberrecht<\/strong><\/p>\n<p>Alle auf dieser Website ver\u00f6ffentlichten Inhalte (Texte, Grafiken, Bilder, Layout usw.) unterliegen dem Urheberrecht. Jede vom Urheberrechtsgesetz nicht zugelassene Verwertung bedarf vorheriger schriftlicher Zustimmung der jeweiligen Berechtigten. Dies gilt insbesondere f\u00fcr Bearbeitung, \u00dcbersetzung, Vervielf\u00e4ltigung, Einspeicherung, Verarbeitung bzw. Wiedergabe von Inhalten in Datenbanken oder anderen elektronischen Medien und Systemen.<\/p>\n<p>Downloads und Fotokopien von Web-Seiten \u2013 nur f\u00fcr den pers\u00f6nlichen, privaten, nicht kommerziellen Gebrauch \u2013 d\u00fcrfen grunds\u00e4tzlich hergestellt werden.<\/p>\n<p>Die unerlaubte Reproduktion oder Weitergabe einzelner Inhalte oder kompletter Seiten wird straf- und zivilrechtlich verfolgt.<\/p>\n<p>Kommunikation \u00fcber E-Mail Kommunikation via E-Mail kann Sicherheitsl\u00fccken aufweisen. Beispielsweise k\u00f6nnen E-Mails auf ihrem Weg an Bernhard Beilner von versierten Internet-Nutzern aufgehalten und eingesehen werden. Sollte ich eine E-Mail von Ihnen erhalten, so gehe ich davon aus, dass ich zu einer Beantwortung per E-Mail berechtigt bin. Ansonsten muss ich Sie ausdr\u00fccklich auf eine andere Art der Kommunikation verweisen.<\/p>\n<p>Ziel dieser Website ist kein gewerblicher Internetauftritt. Die Website ist rein privater Natur und dient lediglich zum privaten Zeitvertreib.<\/p>[\/et_pb_text][\/et_pb_column][\/et_pb_row][\/et_pb_section]","protected":false},"excerpt":{"rendered":"<p>Name: Bernhard BeilnerStra\u00dfe: Lobaustra\u00dfe 27aOrt: 2301 Gro\u00df-EnzersdorfE-Mail: bernhard.beilner@me.com &nbsp; Haftungsausschluss Die Inhalte dieser Website werden mit gr\u00f6\u00dftm\u00f6glicher Sorgfalt recherchiert und implementiert. Fehler im Bearbeitungsvorgang sind dennoch nicht auszuschlie\u00dfen. Hinweise und Korrekturen senden Sie bitte an die oben aufgef\u00fchrte Adresse. Eine Haftung f\u00fcr die Richtigkeit, Vollst\u00e4ndigkeit und Aktualit\u00e4t dieser Webseiten kann trotz sorgf\u00e4ltiger Pr\u00fcfung nicht \u00fcbernommen [&hellip;]<\/p>\n","protected":false},"author":1,"featured_media":0,"parent":0,"menu_order":0,"comment_status":"closed","ping_status":"closed","template":"","meta":{"_et_pb_use_builder":"on","_et_pb_old_content":"<!-- wp:paragraph -->\r\n<p>Name: Bernhard Beilner<br \/>Stra\u00dfe: Lobaustra\u00dfe 27a<br \/>Ort: 2301 Gro\u00df-Enzersdorf<br \/>E-Mail: bernhard.beilner@me.com<\/p>\r\n<!-- \/wp:paragraph -->","_et_gb_content_width":"","footnotes":""},"class_list":["post-805","page","type-page","status-publish","hentry"],"_links":{"self":[{"href":"https:\/\/www.bcc-moments.at\/index.php?rest_route=\/wp\/v2\/pages\/805","targetHints":{"allow":["GET"]}}],"collection":[{"href":"https:\/\/www.bcc-moments.at\/index.php?rest_route=\/wp\/v2\/pages"}],"about":[{"href":"https:\/\/www.bcc-moments.at\/index.php?rest_route=\/wp\/v2\/types\/page"}],"author":[{"embeddable":true,"href":"https:\/\/www.bcc-moments.at\/index.php?rest_route=\/wp\/v2\/users\/1"}],"replies":[{"embeddable":true,"href":"https:\/\/www.bcc-moments.at\/index.php?rest_route=%2Fwp%2Fv2%2Fcomments&post=805"}],"version-history":[{"count":8,"href":"https:\/\/www.bcc-moments.at\/index.php?rest_route=\/wp\/v2\/pages\/805\/revisions"}],"predecessor-version":[{"id":1648,"href":"https:\/\/www.bcc-moments.at\/index.php?rest_route=\/wp\/v2\/pages\/805\/revisions\/1648"}],"wp:attachment":[{"href":"https:\/\/www.bcc-moments.at\/index.php?rest_route=%2Fwp%2Fv2%2Fmedia&parent=805"}],"curies":[{"name":"wp","href":"https:\/\/api.w.org\/{rel}","templated":true}]}}